{"id":17,"date":"2022-11-12T07:42:49","date_gmt":"2022-11-12T07:42:49","guid":{"rendered":"https:\/\/demeurescatalanes.fr\/?page_id=17"},"modified":"2022-12-29T07:45:09","modified_gmt":"2022-12-29T07:45:09","slug":"la-renovation","status":"publish","type":"page","link":"https:\/\/demeurescatalanes.fr\/?page_id=17","title":{"rendered":"La r\u00e9novation"},"content":{"rendered":"<p>[vc_row row_height_percent=&#8221;100&#8243; back_color=&#8221;color-xsdn&#8221; back_image=&#8221;117742&#8243; overlay_color=&#8221;color-xsdn&#8221; overlay_alpha=&#8221;90&#8243; gutter_size=&#8221;3&#8243; column_width_percent=&#8221;100&#8243; shift_y=&#8221;0&#8243; z_index=&#8221;0&#8243; row_name=&#8221;Hello&#8221; uncode_shortcode_id=&#8221;665835&#8243; back_color_type=&#8221;uncode-palette&#8221; overlay_color_type=&#8221;uncode-palette&#8221; shape_dividers=&#8221;&#8221;][vc_column column_width_percent=&#8221;100&#8243; position_vertical=&#8221;middle&#8221; gutter_size=&#8221;3&#8243; overlay_alpha=&#8221;50&#8243; shift_x=&#8221;0&#8243; shift_y=&#8221;0&#8243; shift_y_down=&#8221;0&#8243; z_index=&#8221;0&#8243; medium_width=&#8221;4&#8243; mobile_width=&#8221;0&#8243; css_animation=&#8221;bottom-t-top&#8221; animation_delay=&#8221;200&#8243; width=&#8221;1\/1&#8243;][vc_row_inner limit_content=&#8221;&#8221;][vc_column_inner column_width_percent=&#8221;100&#8243; gutter_size=&#8221;3&#8243; overlay_alpha=&#8221;50&#8243; shift_x=&#8221;0&#8243; shift_y=&#8221;0&#8243; shift_y_down=&#8221;0&#8243; z_index=&#8221;0&#8243; medium_width=&#8221;4&#8243; mobile_width=&#8221;0&#8243; width=&#8221;1\/2&#8243;][vc_custom_heading heading_semantic=&#8221;h6&#8243; text_size=&#8221;fontsize-160000&#8243; text_transform=&#8221;uppercase&#8221; text_space=&#8221;fontspace-135905&#8243; uncode_shortcode_id=&#8221;129288&#8243;]DEMEURES CATALANES[\/vc_custom_heading][vc_custom_heading text_color=&#8221;accent&#8221; heading_semantic=&#8221;p&#8221; text_size=&#8221;fontsize-160206&#8243; text_height=&#8221;fontheight-179065&#8243; uncode_shortcode_id=&#8221;189665&#8243; text_color_type=&#8221;uncode-palette&#8221;]<\/p>\n<h1 class=\"p1\">Un projet de r\u00e9novation?, d\u2019Agrandissement?<\/h1>\n<p>[\/vc_custom_heading][vc_column_text text_lead=&#8221;yes&#8221; uncode_shortcode_id=&#8221;217268&#8243;]<\/p>\n<p class=\"p1\">Vous souhaitez faire une extension ? Ou bien un r\u00e9am\u00e9nagement int\u00e9rieur complet\u00a0? Voire m\u00eame une isolation de votre bien\u00a0?<\/p>\n<p class=\"p1\">En plus de faire des villas clef en main, je propose aussi un service d\u2019accompagnement <b>complet<\/b> de votre projet de r\u00e9novation en vous garantissant des propositions de solutions techniques adapt\u00e9es, toujours dans les r\u00e8gles de l\u2019art et \u00e0 la pointe des nouvelles technologies et mat\u00e9riaux.<\/p>\n<p class=\"p1\">Gr\u00e2ce \u00e0 mon large r\u00e9seau de professionnels qualifi\u00e9s et<span class=\"Apple-converted-space\">\u00a0 <\/span>de tous corps d\u2019\u00e9tats, vous pourrez ainsi r\u00e9aliser vos d\u00e9sirs en toute tranquillit\u00e9 et en toute s\u00e9curit\u00e9 et aux meilleurs prix pour une qualit\u00e9 toujours exceptionnelle\u00a0!<\/p>\n<p>[\/vc_column_text][\/vc_column_inner][vc_column_inner column_width_percent=&#8221;100&#8243; gutter_size=&#8221;3&#8243; overlay_alpha=&#8221;50&#8243; shift_x=&#8221;0&#8243; shift_y=&#8221;0&#8243; shift_y_down=&#8221;0&#8243; z_index=&#8221;0&#8243; medium_width=&#8221;4&#8243; mobile_visibility=&#8221;yes&#8221; mobile_width=&#8221;0&#8243; width=&#8221;1\/2&#8243;][\/vc_column_inner][\/vc_row_inner][\/vc_column][\/vc_row]<\/p>\n","protected":false},"excerpt":{"rendered":"<p>[vc_row row_height_percent=&#8221;100&#8243; back_color=&#8221;color-xsdn&#8221; back_image=&#8221;117742&#8243; overlay_color=&#8221;color-xsdn&#8221; overlay_alpha=&#8221;90&#8243; gutter_size=&#8221;3&#8243; column_width_percent=&#8221;100&#8243; shift_y=&#8221;0&#8243; z_index=&#8221;0&#8243; row_name=&#8221;Hello&#8221; uncode_shortcode_id=&#8221;665835&#8243; back_color_type=&#8221;uncode-palette&#8221; overlay_color_type=&#8221;uncode-palette&#8221; shape_dividers=&#8221;&#8221;][vc_column column_width_percent=&#8221;100&#8243; position_vertical=&#8221;middle&#8221; gutter_size=&#8221;3&#8243; overlay_alpha=&#8221;50&#8243; shift_x=&#8221;0&#8243; [&hellip;]<\/p>\n","protected":false},"author":1,"featured_media":0,"parent":0,"menu_order":0,"comment_status":"closed","ping_status":"closed","template":"","meta":{"om_disable_all_campaigns":false,"_monsterinsights_skip_tracking":false,"_monsterinsights_sitenote_active":false,"_monsterinsights_sitenote_note":"","_monsterinsights_sitenote_category":0},"_links":{"self":[{"href":"https:\/\/demeurescatalanes.fr\/index.php?rest_route=\/wp\/v2\/pages\/17"}],"collection":[{"href":"https:\/\/demeurescatalanes.fr\/index.php?rest_route=\/wp\/v2\/pages"}],"about":[{"href":"https:\/\/demeurescatalanes.fr\/index.php?rest_route=\/wp\/v2\/types\/page"}],"author":[{"embeddable":true,"href":"https:\/\/demeurescatalanes.fr\/index.php?rest_route=\/wp\/v2\/users\/1"}],"replies":[{"embeddable":true,"href":"https:\/\/demeurescatalanes.fr\/index.php?rest_route=%2Fwp%2Fv2%2Fcomments&post=17"}],"version-history":[{"count":3,"href":"https:\/\/demeurescatalanes.fr\/index.php?rest_route=\/wp\/v2\/pages\/17\/revisions"}],"predecessor-version":[{"id":117759,"href":"https:\/\/demeurescatalanes.fr\/index.php?rest_route=\/wp\/v2\/pages\/17\/revisions\/117759"}],"wp:attachment":[{"href":"https:\/\/demeurescatalanes.fr\/index.php?rest_route=%2Fwp%2Fv2%2Fmedia&parent=17"}],"curies":[{"name":"wp","href":"https:\/\/api.w.org\/{rel}","templated":true}]}}