{"id":18,"date":"2022-11-12T07:42:49","date_gmt":"2022-11-12T07:42:49","guid":{"rendered":"https:\/\/demeurescatalanes.fr\/?page_id=18"},"modified":"2023-01-09T07:36:03","modified_gmt":"2023-01-09T07:36:03","slug":"innovation","status":"publish","type":"page","link":"https:\/\/demeurescatalanes.fr\/?page_id=18","title":{"rendered":"Innovation"},"content":{"rendered":"<p>[vc_row row_height_percent=&#8221;65&#8243; override_padding=&#8221;yes&#8221; h_padding=&#8221;2&#8243; top_padding=&#8221;7&#8243; bottom_padding=&#8221;7&#8243; back_color=&#8221;color-xsdn&#8221; overlay_alpha=&#8221;50&#8243; gutter_size=&#8221;3&#8243; column_width_percent=&#8221;100&#8243; shift_y=&#8221;0&#8243; z_index=&#8221;1&#8243;][vc_column column_width_percent=&#8221;100&#8243; position_vertical=&#8221;middle&#8221; gutter_size=&#8221;3&#8243; overlay_alpha=&#8221;50&#8243; shift_x=&#8221;0&#8243; shift_y=&#8221;0&#8243; shift_y_down=&#8221;0&#8243; z_index=&#8221;0&#8243; medium_width=&#8221;0&#8243; mobile_width=&#8221;0&#8243; width=&#8221;1\/1&#8243;][vc_row_inner row_inner_height_percent=&#8221;0&#8243; overlay_alpha=&#8221;50&#8243; gutter_size=&#8221;4&#8243; shift_y=&#8221;0&#8243; z_index=&#8221;0&#8243; limit_content=&#8221;&#8221;][vc_column_inner column_width_percent=&#8221;100&#8243; gutter_size=&#8221;1&#8243; overlay_alpha=&#8221;50&#8243; shift_x=&#8221;0&#8243; shift_y=&#8221;0&#8243; shift_y_down=&#8221;0&#8243; z_index=&#8221;0&#8243; medium_width=&#8221;0&#8243; mobile_width=&#8221;0&#8243; width=&#8221;4\/12&#8243;][vc_empty_space empty_h=&#8221;1&#8243;][vc_custom_heading text_color=&#8221;accent&#8221; heading_semantic=&#8221;h6&#8243; text_size=&#8221;fontsize-160000&#8243; text_transform=&#8221;uppercase&#8221; text_space=&#8221;fontspace-135905&#8243; css_animation=&#8221;curtain&#8221; animation_delay=&#8221;400&#8243; uncode_shortcode_id=&#8221;167543&#8243; text_color_type=&#8221;uncode-palette&#8221;]Innovation[\/vc_custom_heading][\/vc_column_inner][vc_column_inner column_width_percent=&#8221;100&#8243; position_vertical=&#8221;bottom&#8221; gutter_size=&#8221;2&#8243; overlay_alpha=&#8221;50&#8243; shift_x=&#8221;0&#8243; shift_y=&#8221;0&#8243; shift_y_down=&#8221;0&#8243; z_index=&#8221;0&#8243; medium_width=&#8221;0&#8243; mobile_width=&#8221;0&#8243; width=&#8221;8\/12&#8243;][vc_custom_heading heading_semantic=&#8221;h3&#8243; text_size=&#8221;fontsize-445851&#8243; css_animation=&#8221;curtain&#8221; animation_speed=&#8221;600&#8243; animation_delay=&#8221;400&#8243; interval_animation=&#8221;200&#8243; uncode_shortcode_id=&#8221;187559&#8243;]<\/p>\n<p class=\"p1\">Quand l\u2019habitat prend soin de vous<\/p>\n<p>[\/vc_custom_heading][\/vc_column_inner][\/vc_row_inner][\/vc_column][\/vc_row][vc_row unlock_row_content=&#8221;yes&#8221; row_height_percent=&#8221;100&#8243; override_padding=&#8221;yes&#8221; h_padding=&#8221;0&#8243; top_padding=&#8221;0&#8243; bottom_padding=&#8221;0&#8243; back_color=&#8221;color-xsdn&#8221; overlay_alpha=&#8221;50&#8243; equal_height=&#8221;yes&#8221; gutter_size=&#8221;3&#8243; column_width_percent=&#8221;100&#8243; shift_y=&#8221;0&#8243; z_index=&#8221;0&#8243; uncode_shortcode_id=&#8221;830335&#8243; back_color_type=&#8221;uncode-palette&#8221;][vc_column column_width_percent=&#8221;100&#8243; gutter_size=&#8221;3&#8243; expand_height=&#8221;yes&#8221; style=&#8221;dark&#8221; overlay_alpha=&#8221;50&#8243; shift_x=&#8221;0&#8243; shift_y=&#8221;0&#8243; z_index=&#8221;0&#8243; medium_width=&#8221;0&#8243; width=&#8221;2\/3&#8243;][vc_single_image media=&#8221;117810&#8243; media_width_percent=&#8221;100&#8243; uncode_shortcode_id=&#8221;125067&#8243;][vc_row_inner row_inner_height_percent=&#8221;0&#8243; overlay_alpha=&#8221;50&#8243; equal_height=&#8221;yes&#8221; gutter_size=&#8221;0&#8243; shift_y=&#8221;0&#8243; limit_content=&#8221;&#8221;][vc_column_inner column_width_percent=&#8221;65&#8243; position_vertical=&#8221;middle&#8221; gutter_size=&#8221;3&#8243; override_padding=&#8221;yes&#8221; column_padding=&#8221;3&#8243; overlay_alpha=&#8221;50&#8243; shift_x=&#8221;0&#8243; shift_y=&#8221;0&#8243; shift_y_down=&#8221;0&#8243; z_index=&#8221;0&#8243; medium_width=&#8221;0&#8243; mobile_width=&#8221;0&#8243; width=&#8221;1\/2&#8243;][vc_single_image media=&#8221;117776&#8243; media_width_percent=&#8221;100&#8243; uncode_shortcode_id=&#8221;108235&#8243;][\/vc_column_inner][vc_column_inner width=&#8221;1\/2&#8243;][vc_empty_space empty_h=&#8221;2&#8243;][vc_custom_heading text_color=&#8221;accent&#8221; heading_semantic=&#8221;h6&#8243; text_size=&#8221;fontsize-160000&#8243; text_transform=&#8221;uppercase&#8221; text_space=&#8221;fontspace-135905&#8243; uncode_shortcode_id=&#8221;994182&#8243; text_color_type=&#8221;uncode-palette&#8221;]DEMEURES CATALANES[\/vc_custom_heading][vc_custom_heading heading_semantic=&#8221;h1&#8243; text_size=&#8221;h1&#8243; text_align=&#8221;text-left&#8221; uncode_shortcode_id=&#8221;118865&#8243;]<\/p>\n<h2 class=\"p1\">Bet\u00f3n de chanvre<\/h2>\n<p>[\/vc_custom_heading][vc_column_text uncode_shortcode_id=&#8221;122068&#8243;]Le b\u00e9ton biosourc\u00e9, une solution aux multiples vertus<\/p>\n<p class=\"p1\">Ce mat\u00e9riau est le premier syst\u00e8me constructif biosourc\u00e9 d\u00e9velopp\u00e9 dans la marque Biosys, au service de la construction et de l\u2019usager.<\/p>\n<p class=\"p2\">Cette solution biosourc\u00e9e innovante et brevet\u00e9e est compos\u00e9e de blocs de b\u00e9ton de chanvre qui se montent par embo\u00eetement \u00e0 sec.<\/p>\n<p class=\"p2\">Multifonction, le syst\u00e8me constructif apporte une solution de la construction, tout en offrant un confort de vie unique aux habitants.<\/p>\n<p class=\"p2\">Les blocs de b\u00e9ton de chanvre \u00e0 embo\u00eetement Biosys sont associ\u00e9s \u00e0 une structure porteuse poteau-poutre en b\u00e9ton arm\u00e9 coul\u00e9 dans des blocs sp\u00e9cifiques pr\u00e9vus \u00e0 cet effet. Ils sont destin\u00e9s \u00e0 la r\u00e9alisation de murs de fa\u00e7ades \u00e0 isolation r\u00e9partie.<span class=\"Apple-converted-space\">\u00a0<\/span><\/p>\n<p class=\"p2\">Le proc\u00e9d\u00e9 est adapt\u00e9 \u00e0 la r\u00e9alisation de b\u00e2timents d\u2019habitations type maisons individuelles et de petits b\u00e2timents tertiaires dans la limite de construction R+1 avec toiture l\u00e9g\u00e8re.<span class=\"Apple-converted-space\">\u00a0\u00a0<\/span><\/p>\n<h2 class=\"p6\">Le confort d&#8217;une maison saine<\/h2>\n<p class=\"p2\">Le b\u00e9ton biosourc\u00e9 procure une sensation de confort unique.<\/p>\n<p class=\"p1\">Ce r\u00e9sultat est le bilan de plusieurs propri\u00e9t\u00e9s intrins\u00e8ques : isolation thermique, r\u00e9gulation de l\u2019hygrom\u00e9trie, gestion de l\u2019acoustique et qualit\u00e9 de l\u2019air.\u00a0Le b\u00e9ton biosourc\u00e9 est le mat\u00e9riau id\u00e9al pour construire ou r\u00e9nover en favorisant performance et bien-\u00eatre.<\/p>\n<p>[\/vc_column_text][\/vc_column_inner][\/vc_row_inner][\/vc_column][\/vc_row][vc_row unlock_row_content=&#8221;yes&#8221; row_height_percent=&#8221;0&#8243; override_padding=&#8221;yes&#8221; h_padding=&#8221;2&#8243; top_padding=&#8221;5&#8243; bottom_padding=&#8221;5&#8243; overlay_alpha=&#8221;100&#8243; gutter_size=&#8221;3&#8243; column_width_percent=&#8221;100&#8243; shift_y=&#8221;0&#8243; z_index=&#8221;0&#8243; row_height_use_pixel=&#8221;&#8221; uncode_shortcode_id=&#8221;893577&#8243;][vc_column column_width_use_pixel=&#8221;yes&#8221; align_horizontal=&#8221;align_center&#8221; gutter_size=&#8221;3&#8243; overlay_alpha=&#8221;50&#8243; shift_x=&#8221;0&#8243; shift_y=&#8221;0&#8243; shift_y_down=&#8221;0&#8243; z_index=&#8221;0&#8243; medium_width=&#8221;0&#8243; mobile_width=&#8221;0&#8243; zoom_width=&#8221;0&#8243; zoom_height=&#8221;0&#8243; column_width_pixel=&#8221;1080&#8243; uncode_shortcode_id=&#8221;590571&#8243;][vc_column_text text_lead=&#8221;small&#8221; uncode_shortcode_id=&#8221;660264&#8243;]<\/p>\n<h1 class=\"p5\" style=\"text-align: center;\">L\u2019isolation biosourc\u00e9e, un meilleur confort de vie<\/h1>\n<p class=\"p2\" style=\"text-align: center;\">Le b\u00e9ton biosourc\u00e9\u00a0tire son efficacit\u00e9 de la combinaison entre\u00a0performances thermiques et capacit\u00e9 \u00e0 g\u00e9rer les transferts d\u2019humidit\u00e9.<\/p>\n<p class=\"p2\" style=\"text-align: center;\">Pour assurer confort et sant\u00e9 aux habitants, le degr\u00e9 d\u2019humidit\u00e9 est un param\u00e8tre essentiel \u00e0 consid\u00e9rer et \u00e0 g\u00e9rer lors de la conception d\u2019un b\u00e2timent. Le b\u00e9ton biosourc\u00e9 est le mat\u00e9riau id\u00e9al pour s\u2019assurer d\u2019avoir une hygrom\u00e9trie toujours optimale dans l\u2019habitat.<\/p>\n<p class=\"p2\" style=\"text-align: center;\">Ce mat\u00e9riau r\u00e9agit comme un mat\u00e9riau \u00ab\u00a0tampon\u00a0\u00bb. Le surplus d\u2019humidit\u00e9 dans un b\u00e2timent est capt\u00e9 puis restitu\u00e9 \u00e0 son environnement ext\u00e9rieur.<\/p>\n<p class=\"p2\" style=\"text-align: center;\">En hiver, le b\u00e9ton biosourc\u00e9 capte l\u2019humidit\u00e9 et rend ainsi l\u2019air de l\u2019habitat plus sec et plus facile \u00e0 chauffer. \u00c0 l\u2019inverse, en \u00e9t\u00e9, le b\u00e9ton rafra\u00eechit l\u2019air ambiant en restituant l\u2019humidit\u00e9.<\/p>\n<p class=\"p2\" style=\"text-align: center;\">Les temp\u00e9ratures resteront stables, et ce malgr\u00e9 de fortes variations thermiques.<\/p>\n<p class=\"p1\" style=\"text-align: center;\">On parle de <span class=\"s1\"><b>confort hygrothermique<\/b><\/span>. Cette sp\u00e9cificit\u00e9 permet d\u2019aboutir \u00e0 des solutions constructives permettant un confort de vie optimal.<\/p>\n<p>[\/vc_column_text][vc_column_text uncode_shortcode_id=&#8221;880715&#8243;]<\/p>\n<p class=\"p1\"><span class=\"s1\"><span class=\"Apple-converted-space\">\u00a0<\/span><\/span>R\u00e9sistance thermique R= 4,6m2.K\/W<span class=\"Apple-converted-space\">\u00a0<\/span><\/p>\n<p class=\"p2\"><b>Traitement des ponts thermiques<\/b><span class=\"Apple-converted-space\">\u00a0<\/span><\/p>\n<p class=\"p2\"><b>D\u00e9phasage de temp\u00e9rature<\/b> : 8 \u00e0 10 heures<span class=\"Apple-converted-space\">\u00a0<\/span><\/p>\n<p class=\"p2\"><b>R\u00e9gulation hygrom\u00e9trique<\/b><span class=\"Apple-converted-space\">\u00a0<\/span><\/p>\n<p class=\"p2\"><b>R\u00e9action au feu<\/b> : B-s1, d0 (M1)<span class=\"Apple-converted-space\">\u00a0<\/span><\/p>\n<p class=\"p2\"><b>R\u00e9sistance au feu<\/b> : REI 30<span class=\"Apple-converted-space\">\u00a0<\/span><\/p>\n<p class=\"p2\"><b>Utilisable en zones sismiques<\/b> 1 \u00e0 3<span class=\"Apple-converted-space\">\u00a0<\/span><\/p>\n<p class=\"p2\"><b>Affaiblissement acoustique<\/b> : 43 (-1 ; -2) dB<span class=\"Apple-converted-space\">\u00a0<\/span><\/p>\n<p class=\"p3\"><b>Valeur utile<\/b> : R=4,21 m\u00b2.K\/W<\/p>\n<p class=\"p4\"><span class=\"Apple-converted-space\">\u00a0\u00a0<\/span><\/p>\n<h1 class=\"p4\"><strong>Le chanvre au service du confort acoustique<\/strong><\/h1>\n<p class=\"p1\">Gr\u00e2ce \u00e0 sa porosit\u00e9, le b\u00e9ton biosourc\u00e9 contribue au confort acoustique dans vos pi\u00e8ces de vie. Il a un r\u00f4le d\u2019absorbeur de son qui permet d\u2019att\u00e9nuer le bruit ambiant et procure une sensation de calme permanent.<\/p>\n<h1 class=\"p6\"><strong>Am\u00e9liorer la qualit\u00e9 de l\u2019air de votre habitat <span class=\"Apple-converted-space\">\u00a0<\/span><\/strong><\/h1>\n<p class=\"p1\">Le b\u00e9ton de chanvre est un mat\u00e9riau contribuant \u00e0 la qualit\u00e9 de l\u2019air de vos habitations. Compos\u00e9 enti\u00e8rement de mat\u00e9riaux naturels, il permet aux syst\u00e8mes constructifs d\u2019\u00eatre class\u00e9s A+ vis-\u00e0-vis des \u00e9missions de COV (Compos\u00e9s Organiques Volatils).<\/p>\n<h1 class=\"p7\"><strong>L&#8217;engagement d&#8217;une solution \u00e9cologique<\/strong><\/h1>\n<p class=\"p1\">R\u00e9duire le r\u00e9chauffement climatique et am\u00e9liorer le bilan carbone sont autant de d\u00e9fis qui incitent \u00e0 l\u2019utilisation des mat\u00e9riaux biosourc\u00e9s.<\/p>\n<p class=\"p1\">Le biosourc\u00e9 d\u00e9signe tous les mat\u00e9riaux renouvelables non alimentaires issus de la biomasse v\u00e9g\u00e9tale (chanvre, bois, paille\u2026) ou animale (laine de mouton, plumes de canard\u2026). L\u2019utilisation de ces mat\u00e9riaux permet de r\u00e9duire la place des ressources fossiles dont l\u2019utilisation est fortement \u00e9mettrice de gaz \u00e0 effet de serre et contribue par cons\u00e9quent \u00e0 la lutte contre le r\u00e9chauffement climatique.<\/p>\n<p class=\"p1\">Dans un contexte environnemental de plus en plus fragilis\u00e9, la transition \u00e9cologique et solidaire fixe en 2020 une nouvelle r\u00e9glementation (RE 2020) qui vise \u00e0 r\u00e9duire la consommation \u00e9nerg\u00e9tique des nouveaux b\u00e2timents et leur impact environnemental. D\u00e9sormais les concepteurs d\u2019habitats se doivent de reconsid\u00e9rer la performance des mat\u00e9riaux tout au long de leur cycle de vie, depuis l\u2019extraction jusqu\u2019au recyclage afin d\u2019optimiser le bilan carbone de leurs projets.<\/p>\n<p>[\/vc_column_text][\/vc_column][\/vc_row][vc_row row_height_percent=&#8221;0&#8243; override_padding=&#8221;yes&#8221; h_padding=&#8221;2&#8243; top_padding=&#8221;0&#8243; bottom_padding=&#8221;0&#8243; overlay_alpha=&#8221;100&#8243; gutter_size=&#8221;3&#8243; column_width_percent=&#8221;100&#8243; shift_y=&#8221;0&#8243; z_index=&#8221;0&#8243; row_height_use_pixel=&#8221;&#8221;][vc_column column_width_use_pixel=&#8221;yes&#8221; gutter_size=&#8221;3&#8243; overlay_alpha=&#8221;50&#8243; shift_x=&#8221;0&#8243; shift_y=&#8221;0&#8243; medium_width=&#8221;0&#8243; zoom_width=&#8221;0&#8243; zoom_height=&#8221;0&#8243; width=&#8221;5\/6&#8243;][vc_single_image media=&#8221;117779&#8243; media_width_percent=&#8221;100&#8243; media_ratio=&#8221;three-two&#8221; media_title_uppercase=&#8221;&#8221; uncode_shortcode_id=&#8221;886305&#8243;][\/vc_column][\/vc_row][vc_row row_height_percent=&#8221;0&#8243; override_padding=&#8221;yes&#8221; h_padding=&#8221;2&#8243; top_padding=&#8221;3&#8243; bottom_padding=&#8221;5&#8243; overlay_alpha=&#8221;100&#8243; gutter_size=&#8221;3&#8243; column_width_percent=&#8221;100&#8243; shift_y=&#8221;0&#8243; z_index=&#8221;0&#8243; row_height_use_pixel=&#8221;&#8221;][vc_column column_width_use_pixel=&#8221;yes&#8221; gutter_size=&#8221;3&#8243; overlay_alpha=&#8221;50&#8243; shift_x=&#8221;0&#8243; shift_y=&#8221;0&#8243; medium_width=&#8221;0&#8243; zoom_width=&#8221;0&#8243; zoom_height=&#8221;0&#8243; column_width_pixel=&#8221;800&#8243;][vc_column_text uncode_shortcode_id=&#8221;119487&#8243;]La mise en \u0153uvre de mat\u00e9riaux de construction \u00e9cologiques apporte une vraie r\u00e9ponse aux nouvelles exigences en mati\u00e8re de performances thermiques, \u00e9nerg\u00e9tiques et environnementales des b\u00e2timents, permettant ainsi de r\u00e9pondre aux multiples enjeux de la construction et de la r\u00e9novation de demain. Dans cette perspective, la construction en chanvre part avec une longueur d\u2019avance. Le premier n\u00e9 est le bloc de chanvre \u00e0 embo\u00eetement (BCE) Biosys. Cette solution de construction en chanvre poss\u00e8de de v\u00e9ritables atouts en termes de performances thermiques, acoustiques et hygrom\u00e9triques. C\u2019est un mat\u00e9riau naturel qui stocke le carbone et affiche ainsi de hautes performances environnementales.[\/vc_column_text][vc_column_text uncode_shortcode_id=&#8221;186181&#8243;]<\/p>\n<p class=\"p1\"><strong>Mon principal objectif est de b\u00e2tir des logements durables qui prot\u00e8gent \u00e0 la fois les habitants et l\u2019environnement !<\/strong><\/p>\n<p class=\"p1\"><strong>Je suis le premier dans le Gard \u00e0 vous proposer une maison avec cette innovation,<span class=\"Apple-converted-space\"> \u00a0<\/span>plus respectueuse de l\u2019environnement, de votre confort, et de votre sant\u00e9!<\/strong><\/p>\n<p>[\/vc_column_text][\/vc_column][\/vc_row][vc_row unlock_row_content=&#8221;yes&#8221; row_height_percent=&#8221;100&#8243; override_padding=&#8221;yes&#8221; h_padding=&#8221;0&#8243; top_padding=&#8221;0&#8243; bottom_padding=&#8221;0&#8243; back_color=&#8221;color-wayh&#8221; overlay_alpha=&#8221;50&#8243; equal_height=&#8221;yes&#8221; gutter_size=&#8221;3&#8243; column_width_percent=&#8221;100&#8243; shift_y=&#8221;0&#8243; z_index=&#8221;0&#8243;][vc_column column_width_percent=&#8221;100&#8243; gutter_size=&#8221;3&#8243; expand_height=&#8221;yes&#8221; style=&#8221;dark&#8221; overlay_alpha=&#8221;50&#8243; shift_x=&#8221;0&#8243; shift_y=&#8221;0&#8243; z_index=&#8221;0&#8243; medium_width=&#8221;0&#8243; width=&#8221;1\/1&#8243;][vc_row_inner row_inner_height_percent=&#8221;0&#8243; overlay_alpha=&#8221;50&#8243; equal_height=&#8221;yes&#8221; gutter_size=&#8221;0&#8243; shift_y=&#8221;0&#8243; limit_content=&#8221;&#8221;][vc_column_inner column_width_use_pixel=&#8221;yes&#8221; gutter_size=&#8221;3&#8243; expand_height=&#8221;yes&#8221; back_color=&#8221;color-wayh&#8221; back_image=&#8221;117772&#8243; overlay_alpha=&#8221;50&#8243; shift_x=&#8221;0&#8243; shift_y=&#8221;0&#8243; shift_y_down=&#8221;0&#8243; z_index=&#8221;0&#8243; medium_width=&#8221;0&#8243; mobile_width=&#8221;0&#8243; width=&#8221;1\/2&#8243; mobile_height=&#8221;300&#8243; uncode_shortcode_id=&#8221;659557&#8243; back_color_type=&#8221;uncode-palette&#8221;][\/vc_column_inner][vc_column_inner column_width_percent=&#8221;65&#8243; position_vertical=&#8221;middle&#8221; gutter_size=&#8221;3&#8243; override_padding=&#8221;yes&#8221; column_padding=&#8221;3&#8243; style=&#8221;dark&#8221; overlay_alpha=&#8221;50&#8243; shift_x=&#8221;0&#8243; shift_y=&#8221;0&#8243; shift_y_down=&#8221;0&#8243; z_index=&#8221;0&#8243; medium_width=&#8221;0&#8243; mobile_width=&#8221;0&#8243; width=&#8221;1\/2&#8243;][vc_custom_heading heading_semantic=&#8221;h1&#8243; text_size=&#8221;h1&#8243; text_align=&#8221;text-left&#8221; uncode_shortcode_id=&#8221;739249&#8243;]Les principaux avantages de construire avec nos solutions d\u2019\u00e9co-construction :[\/vc_custom_heading][vc_column_text uncode_shortcode_id=&#8221;108997&#8243;]<\/p>\n<p class=\"p2\">\u2022Faciliter et simplifier la mise en \u0153uvre sur vos chantiers,<\/p>\n<p class=\"p2\">\u2022Favoriser le bien-\u00eatre des habitants,<\/p>\n<p class=\"p2\">\u2022Contribuer \u00e0 la pr\u00e9servation de la plan\u00e8te,<\/p>\n<p class=\"p2\">\u2022Construire en respectant les nouvelles r\u00e9glementations environnementales.<\/p>\n<p class=\"p1\">Un confort en continu, \u00e9t\u00e9 comme hiver<\/p>\n<p class=\"p2\">\u2022R\u00e9sistance thermique adapt\u00e9e aux normes actuelles :\u00a0R=4,6 m2.K\/W*\u00a0 (Valeur utile\u00a0: R=4,21 m\u00b2.K\/W)<\/p>\n<p class=\"p2\">\u2022R\u00e9gulation naturelle de la temp\u00e9rature dans le b\u00e2timent via l&#8217;inertie du mat\u00e9riau<\/p>\n<p class=\"p2\">\u2022R\u00e9gulation de l\u2019humidit\u00e9 pour un climat int\u00e9rieur sain et confortable<\/p>\n<p class=\"p2\">\u2022Att\u00e9nuation du bruit ambiant pour une sensation permanente de calme\u00a0:\u00a0coeff. absorption acoustique : <span class=\"s1\">\u237a<\/span> = 0,4<\/p>\n<p class=\"p1\">Faire construire en toute s\u00e9r\u00e9nit\u00e9<\/p>\n<p class=\"p2\">\u2022Qualit\u00e9 de l&#8217;air int\u00e9rieur : classification A+<\/p>\n<p class=\"p2\">\u2022Solution certifi\u00e9e par le Centre Scientifique et Technique du B\u00e2timent (CSTB)<\/p>\n<p class=\"p2\">\u2022Mise en \u0153uvre par des artisans form\u00e9s<\/p>\n<p class=\"p1\">Un faible impact environnemental<\/p>\n<p class=\"p2\">\u2022Performance carbone \u00e9lev\u00e9e, valid\u00e9e par une fiche de d\u00e9claration environnementale et sanitaire (FDES =\u00a00.889 kg CO<span class=\"s2\">\u2082<\/span> \/m\u00b2)<\/p>\n<p class=\"p2\">\u2022Fabrication \u00e0 partir de mati\u00e8res premi\u00e8res 100% fran\u00e7aises\u00a0: circuit court<\/p>\n<p class=\"p2\">\u2022Mat\u00e9riau renouvelable et recyclable<\/p>\n<p>[\/vc_column_text][\/vc_column_inner][\/vc_row_inner][\/vc_column][\/vc_row]<\/p>\n","protected":false},"excerpt":{"rendered":"<p>[vc_row row_height_percent=&#8221;65&#8243; override_padding=&#8221;yes&#8221; h_padding=&#8221;2&#8243; top_padding=&#8221;7&#8243; bottom_padding=&#8221;7&#8243; back_color=&#8221;color-xsdn&#8221; overlay_alpha=&#8221;50&#8243; gutter_size=&#8221;3&#8243; column_width_percent=&#8221;100&#8243; shift_y=&#8221;0&#8243; z_index=&#8221;1&#8243;][vc_column column_width_percent=&#8221;100&#8243; position_vertical=&#8221;middle&#8221; gutter_size=&#8221;3&#8243; overlay_alpha=&#8221;50&#8243; shift_x=&#8221;0&#8243; shift_y=&#8221;0&#8243; shift_y_down=&#8221;0&#8243; z_index=&#8221;0&#8243; [&hellip;]<\/p>\n","protected":false},"author":1,"featured_media":0,"parent":0,"menu_order":0,"comment_status":"closed","ping_status":"closed","template":"","meta":{"om_disable_all_campaigns":false,"_monsterinsights_skip_tracking":false,"_monsterinsights_sitenote_active":false,"_monsterinsights_sitenote_note":"","_monsterinsights_sitenote_category":0},"_links":{"self":[{"href":"https:\/\/demeurescatalanes.fr\/index.php?rest_route=\/wp\/v2\/pages\/18"}],"collection":[{"href":"https:\/\/demeurescatalanes.fr\/index.php?rest_route=\/wp\/v2\/pages"}],"about":[{"href":"https:\/\/demeurescatalanes.fr\/index.php?rest_route=\/wp\/v2\/types\/page"}],"author":[{"embeddable":true,"href":"https:\/\/demeurescatalanes.fr\/index.php?rest_route=\/wp\/v2\/users\/1"}],"replies":[{"embeddable":true,"href":"https:\/\/demeurescatalanes.fr\/index.php?rest_route=%2Fwp%2Fv2%2Fcomments&post=18"}],"version-history":[{"count":13,"href":"https:\/\/demeurescatalanes.fr\/index.php?rest_route=\/wp\/v2\/pages\/18\/revisions"}],"predecessor-version":[{"id":117813,"href":"https:\/\/demeurescatalanes.fr\/index.php?rest_route=\/wp\/v2\/pages\/18\/revisions\/117813"}],"wp:attachment":[{"href":"https:\/\/demeurescatalanes.fr\/index.php?rest_route=%2Fwp%2Fv2%2Fmedia&parent=18"}],"curies":[{"name":"wp","href":"https:\/\/api.w.org\/{rel}","templated":true}]}}