{"id":4816,"date":"2014-12-30T11:07:04","date_gmt":"2014-12-30T10:07:04","guid":{"rendered":"https:\/\/undsgn.com\/uncode\/?page_id=4816"},"modified":"2023-01-09T07:34:27","modified_gmt":"2023-01-09T07:34:27","slug":"home-3","status":"publish","type":"page","link":"https:\/\/demeurescatalanes.fr\/","title":{"rendered":"Index"},"content":{"rendered":"<p>[vc_row row_height_percent=&#8221;80&#8243; override_padding=&#8221;yes&#8221; h_padding=&#8221;2&#8243; top_padding=&#8221;5&#8243; bottom_padding=&#8221;5&#8243; back_color=&#8221;accent&#8221; back_image=&#8221;117745&#8243; overlay_color=&#8221;accent&#8221; overlay_alpha=&#8221;0&#8243; equal_height=&#8221;yes&#8221; gutter_size=&#8221;3&#8243; column_width_percent=&#8221;100&#8243; shift_y=&#8221;0&#8243; z_index=&#8221;0&#8243; top_divider=&#8221;gradient&#8221; bottom_divider=&#8221;gradient&#8221; uncode_shortcode_id=&#8221;959672&#8243; back_color_type=&#8221;uncode-palette&#8221; overlay_color_type=&#8221;uncode-palette&#8221;][vc_column column_width_percent=&#8221;100&#8243; position_vertical=&#8221;bottom&#8221; gutter_size=&#8221;3&#8243; style=&#8221;dark&#8221; overlay_alpha=&#8221;50&#8243; shift_x=&#8221;0&#8243; shift_y=&#8221;0&#8243; shift_y_down=&#8221;0&#8243; z_index=&#8221;0&#8243; medium_width=&#8221;0&#8243; mobile_width=&#8221;0&#8243; width=&#8221;1\/1&#8243;][vc_row_inner row_inner_height_percent=&#8221;0&#8243; overlay_alpha=&#8221;50&#8243; gutter_size=&#8221;3&#8243; shift_y=&#8221;0&#8243; limit_content=&#8221;&#8221;][vc_column_inner column_width_percent=&#8221;100&#8243; gutter_size=&#8221;0&#8243; style=&#8221;dark&#8221; overlay_alpha=&#8221;50&#8243; shift_x=&#8221;0&#8243; shift_y=&#8221;0&#8243; shift_y_down=&#8221;0&#8243; z_index=&#8221;0&#8243; medium_width=&#8221;0&#8243; mobile_width=&#8221;0&#8243; css_animation=&#8221;alpha-anim&#8221; animation_delay=&#8221;200&#8243; width=&#8221;9\/12&#8243; uncode_shortcode_id=&#8221;150982&#8243;][vc_empty_space empty_h=&#8221;5&#8243; desktop_visibility=&#8221;yes&#8221; medium_visibility=&#8221;yes&#8221;][vc_empty_space empty_h=&#8221;4&#8243; desktop_visibility=&#8221;yes&#8221; medium_visibility=&#8221;yes&#8221;][vc_custom_heading heading_semantic=&#8221;h6&#8243; text_size=&#8221;fontsize-160000&#8243; text_transform=&#8221;uppercase&#8221; text_space=&#8221;fontspace-135905&#8243; uncode_shortcode_id=&#8221;110440&#8243;]<\/p>\n<p class=\"p1\">CONSTRUIRE AUTREMENT DANS LE SUD !<span class=\"s1\"><span class=\"Apple-converted-space\">\u00a0<\/span><\/span><\/p>\n<p>[\/vc_custom_heading][vc_custom_heading heading_semantic=&#8221;h1&#8243; text_size=&#8221;fontsize-338686&#8243; css_animation=&#8221;typewriter&#8221; animation_delay=&#8221;400&#8243; interval_animation=&#8221;20&#8243; uncode_shortcode_id=&#8221;938377&#8243;]demeures catalanes[\/vc_custom_heading][\/vc_column_inner][\/vc_row_inner][\/vc_column][\/vc_row][vc_row unlock_row_content=&#8221;yes&#8221; row_height_percent=&#8221;0&#8243; override_padding=&#8221;yes&#8221; h_padding=&#8221;2&#8243; top_padding=&#8221;5&#8243; bottom_padding=&#8221;5&#8243; overlay_alpha=&#8221;100&#8243; gutter_size=&#8221;3&#8243; column_width_percent=&#8221;100&#8243; shift_y=&#8221;0&#8243; z_index=&#8221;0&#8243; row_height_use_pixel=&#8221;&#8221; uncode_shortcode_id=&#8221;163785&#8243;][vc_column column_width_use_pixel=&#8221;yes&#8221; align_horizontal=&#8221;align_center&#8221; gutter_size=&#8221;3&#8243; overlay_alpha=&#8221;50&#8243; shift_x=&#8221;0&#8243; shift_y=&#8221;0&#8243; shift_y_down=&#8221;0&#8243; z_index=&#8221;0&#8243; medium_width=&#8221;0&#8243; mobile_width=&#8221;0&#8243; zoom_width=&#8221;0&#8243; zoom_height=&#8221;0&#8243; column_width_pixel=&#8221;900&#8243; uncode_shortcode_id=&#8221;124711&#8243;][vc_row_inner row_inner_height_percent=&#8221;0&#8243; overlay_alpha=&#8221;50&#8243; gutter_size=&#8221;3&#8243; shift_y=&#8221;0&#8243; row_height_use_pixel=&#8221;&#8221; limit_content=&#8221;&#8221;][vc_column_inner column_width_percent=&#8221;100&#8243; position_horizontal=&#8221;left&#8221; align_horizontal=&#8221;align_center&#8221; gutter_size=&#8221;3&#8243; overlay_alpha=&#8221;50&#8243; shift_x=&#8221;0&#8243; shift_y=&#8221;0&#8243; medium_width=&#8221;0&#8243; zoom_width=&#8221;0&#8243; zoom_height=&#8221;0&#8243; width=&#8221;1\/1&#8243;][vc_custom_heading heading_semantic=&#8221;h6&#8243; text_size=&#8221;fontsize-160000&#8243; text_transform=&#8221;uppercase&#8221; text_space=&#8221;fontspace-135905&#8243; uncode_shortcode_id=&#8221;954433&#8243;]<\/p>\n<p class=\"p1\">&#8220;Partout o\u00f9 l&#8217;homme apporte son travail, il laisse aussi quelque chose de son c\u0153ur.&#8221;<\/p>\n<p class=\"p1\">Henryk Sienkiewicz<\/p>\n<p>[\/vc_custom_heading][vc_custom_heading heading_semantic=&#8221;h1&#8243; text_size=&#8221;h1&#8243; text_uppercase=&#8221;&#8221; uncode_shortcode_id=&#8221;927759&#8243;]<\/p>\n<h1 class=\"p1\" style=\"text-align: center;\">Vous d\u00e9sirez construire, ou r\u00e9nover en toute tranquillit\u00e9 ? vous \u00eates au bon endroit !<\/h1>\n<p>[\/vc_custom_heading][\/vc_column_inner][\/vc_row_inner][vc_column_text text_lead=&#8221;yes&#8221; uncode_shortcode_id=&#8221;158019&#8243;]<\/p>\n<p class=\"p1\">Fils de ma\u00e7on, et moi-m\u00eame artisan plombier \u00e9lectricien plaquiste depuis 2013, connaissant bien le monde du b\u00e2timent je mets \u00e0 votre disposition toutes mes comp\u00e9tences afin de pouvoir mener \u00e0 bien votre projet en toute s\u00e9r\u00e9nit\u00e9.<\/p>\n<p class=\"p1\">Oui, j\u2019ai bien dit <span class=\"s1\"><b>en toute s\u00e9r\u00e9nit\u00e9<\/b><\/span><span class=\"s2\"><b>\u2009<\/b><\/span>! En voyant le monde de la construction, je me suis dit qu\u2019il fallait faire autrement, et pouvoir proposer \u00e0 ceux qui le souhaitent de construire avec un r\u00e9el accompagnement de A \u00e0 Z, sans commerciaux qui ne sont pas de la partie.<\/p>\n<p>[\/vc_column_text][\/vc_column][\/vc_row][vc_row unlock_row_content=&#8221;yes&#8221; row_height_percent=&#8221;0&#8243; override_padding=&#8221;yes&#8221; h_padding=&#8221;0&#8243; top_padding=&#8221;5&#8243; bottom_padding=&#8221;5&#8243; overlay_alpha=&#8221;50&#8243; equal_height=&#8221;yes&#8221; gutter_size=&#8221;4&#8243; column_width_percent=&#8221;100&#8243; border_color=&#8221;color-gyho&#8221; border_style=&#8221;solid&#8221; shift_y=&#8221;0&#8243; z_index=&#8221;0&#8243; css=&#8221;.vc_custom_1555597628314{border-top-width: 1px !important;border-bottom-width: 1px !important;}&#8221;][vc_column column_width_percent=&#8221;100&#8243; align_horizontal=&#8221;align_right&#8221; gutter_size=&#8221;3&#8243; overlay_alpha=&#8221;50&#8243; shift_x=&#8221;0&#8243; shift_y=&#8221;0&#8243; z_index=&#8221;0&#8243; medium_width=&#8221;4&#8243; mobile_width=&#8221;0&#8243; width=&#8221;1\/2&#8243;][vc_single_image media=&#8221;117748&#8243; media_width_percent=&#8221;100&#8243; media_ratio=&#8221;four-three&#8221; uncode_shortcode_id=&#8221;116790&#8243;][\/vc_column][vc_column column_width_use_pixel=&#8221;yes&#8221; position_horizontal=&#8221;left&#8221; position_vertical=&#8221;middle&#8221; gutter_size=&#8221;3&#8243; override_padding=&#8221;yes&#8221; column_padding=&#8221;2&#8243; overlay_alpha=&#8221;50&#8243; shift_x=&#8221;0&#8243; shift_y=&#8221;0&#8243; z_index=&#8221;0&#8243; medium_width=&#8221;4&#8243; align_mobile=&#8221;align_center_mobile&#8221; mobile_width=&#8221;0&#8243; width=&#8221;1\/2&#8243; column_width_pixel=&#8221;528&#8243;][vc_custom_heading text_color=&#8221;accent&#8221; heading_semantic=&#8221;h6&#8243; text_size=&#8221;fontsize-160000&#8243; text_transform=&#8221;uppercase&#8221; text_space=&#8221;fontspace-135905&#8243; uncode_shortcode_id=&#8221;280552&#8243; text_color_type=&#8221;uncode-palette&#8221;]DEMEURES CATALANES[\/vc_custom_heading][vc_custom_heading heading_semantic=&#8221;p&#8221; text_size=&#8221;&#8221; uncode_shortcode_id=&#8221;606671&#8243; text_color_type=&#8221;uncode-palette&#8221; text_color_solid=&#8221;#ff0000&#8243; subheading=&#8221;Je suis en relation avec tous les corps de m\u00e9tier comp\u00e9tents et dignes de confiance, je vous accompagne donc avec des plans sur mesure ou \u00e0 partir de mes mod\u00e8les pr\u00e9\u00e9tablis, dans vos avant-projets de construction et de d\u00e9p\u00f4t de permis de construire, j\u2019assure la coordination des travaux et le suivi du chantier au quotidien\u2009!<\/p>\n<p>Je vous donne aussi la tranquillit\u00e9 d\u2019une totale transparence d\u00e8s le d\u00e9part, en vous proposant un contrat qui vous garantit des prix fermes et d\u00e9finitifs.<\/p>\n<p>Tous vos projets : villa traditionnelle ou contemporaine respecterons les normes en vigueur. Et \u00e9tant toujours \u00e0 la pointe des nouvelles techniques et des nouveaux mat\u00e9riaux et \u00e9nergies renouvelables, vous ne rentrerez pas seulement dans une maison, mais dans une nouvelle \u00e8re de respect de l\u2019environnement.<\/p>\n<p>Au plaisir de vous rencontrer\u2009!&#8221;]<\/p>\n<h3 class=\"p1\">Je vous accompagne de l\u2019achat du terrain jusqu\u2019\u00e0 la remise des clefs!<\/h3>\n<p>[\/vc_custom_heading][\/vc_column][\/vc_row][vc_row row_height_percent=&#8221;0&#8243; override_padding=&#8221;yes&#8221; h_padding=&#8221;2&#8243; top_padding=&#8221;5&#8243; bottom_padding=&#8221;5&#8243; back_image=&#8221;117748&#8243; kburns=&#8221;yes&#8221; overlay_color=&#8221;color-xsdn&#8221; overlay_alpha=&#8221;90&#8243; gutter_size=&#8221;3&#8243; column_width_percent=&#8221;100&#8243; shift_y=&#8221;0&#8243; z_index=&#8221;0&#8243; row_name=&#8221;Man&#8221; uncode_shortcode_id=&#8221;214428&#8243; overlay_color_type=&#8221;uncode-palette&#8221;][vc_column column_width_percent=&#8221;100&#8243; position_vertical=&#8221;middle&#8221; gutter_size=&#8221;3&#8243; overlay_alpha=&#8221;50&#8243; shift_x=&#8221;0&#8243; shift_y=&#8221;0&#8243; shift_y_down=&#8221;0&#8243; z_index=&#8221;0&#8243; medium_width=&#8221;7&#8243; mobile_width=&#8221;0&#8243; zoom_width=&#8221;0&#8243; zoom_height=&#8221;0&#8243; width=&#8221;1\/1&#8243;][vc_row_inner limit_content=&#8221;&#8221;][vc_column_inner column_width_percent=&#8221;40&#8243; position_vertical=&#8221;middle&#8221; align_horizontal=&#8221;align_center&#8221; gutter_size=&#8221;3&#8243; overlay_alpha=&#8221;50&#8243; shift_x=&#8221;0&#8243; shift_y=&#8221;0&#8243; shift_y_down=&#8221;0&#8243; z_index=&#8221;0&#8243; medium_width=&#8221;4&#8243; mobile_width=&#8221;0&#8243; css_animation=&#8221;bottom-t-top&#8221; animation_delay=&#8221;200&#8243; width=&#8221;1\/2&#8243; uncode_shortcode_id=&#8221;980783&#8243;][vc_custom_heading heading_semantic=&#8221;h3&#8243; text_size=&#8221;bigtext&#8221; text_height=&#8221;fontheight-179065&#8243; sub_lead=&#8221;yes&#8221; sub_reduced=&#8221;yes&#8221; css_animation=&#8221;curtain&#8221; animation_speed=&#8221;800&#8243; animation_delay=&#8221;600&#8243; interval_animation=&#8221;200&#8243; text_uppercase=&#8221;&#8221; uncode_shortcode_id=&#8221;937511&#8243;]<\/p>\n<p class=\"p1\">Ensemble, construisons votre r\u00eave<\/p>\n<p class=\"p1\">De A \u00e0 Z<\/p>\n<p>[\/vc_custom_heading][vc_separator sep_color=&#8221;color-610191&#8243; el_height=&#8221;8px&#8221;][\/vc_column_inner][\/vc_row_inner][\/vc_column][\/vc_row][vc_row unlock_row_content=&#8221;yes&#8221; row_height_percent=&#8221;100&#8243; override_padding=&#8221;yes&#8221; h_padding=&#8221;0&#8243; top_padding=&#8221;3&#8243; bottom_padding=&#8221;3&#8243; back_color=&#8221;color-xsdn&#8221; overlay_alpha=&#8221;50&#8243; equal_height=&#8221;yes&#8221; gutter_size=&#8221;3&#8243; column_width_percent=&#8221;100&#8243; shift_y=&#8221;0&#8243; z_index=&#8221;0&#8243; uncode_shortcode_id=&#8221;284657&#8243; back_color_type=&#8221;uncode-palette&#8221;][vc_column column_width_percent=&#8221;100&#8243; gutter_size=&#8221;3&#8243; expand_height=&#8221;yes&#8221; style=&#8221;dark&#8221; overlay_alpha=&#8221;50&#8243; shift_x=&#8221;0&#8243; shift_y=&#8221;0&#8243; z_index=&#8221;0&#8243; medium_width=&#8221;0&#8243; width=&#8221;1\/1&#8243;][vc_row_inner row_inner_height_percent=&#8221;0&#8243; overlay_alpha=&#8221;50&#8243; equal_height=&#8221;yes&#8221; gutter_size=&#8221;0&#8243; shift_y=&#8221;0&#8243; limit_content=&#8221;&#8221;][vc_column_inner column_width_use_pixel=&#8221;yes&#8221; gutter_size=&#8221;3&#8243; expand_height=&#8221;yes&#8221; back_color=&#8221;color-wayh&#8221; back_image=&#8221;117752&#8243; overlay_alpha=&#8221;50&#8243; shift_x=&#8221;0&#8243; shift_y=&#8221;0&#8243; shift_y_down=&#8221;0&#8243; z_index=&#8221;0&#8243; medium_width=&#8221;0&#8243; mobile_width=&#8221;0&#8243; width=&#8221;1\/2&#8243; mobile_height=&#8221;300&#8243; uncode_shortcode_id=&#8221;825343&#8243; back_color_type=&#8221;uncode-palette&#8221;][\/vc_column_inner][vc_column_inner column_width_percent=&#8221;65&#8243; position_vertical=&#8221;middle&#8221; gutter_size=&#8221;3&#8243; override_padding=&#8221;yes&#8221; column_padding=&#8221;3&#8243; overlay_alpha=&#8221;50&#8243; shift_x=&#8221;0&#8243; shift_y=&#8221;0&#8243; shift_y_down=&#8221;0&#8243; z_index=&#8221;0&#8243; medium_width=&#8221;0&#8243; mobile_width=&#8221;0&#8243; width=&#8221;1\/2&#8243;][vc_custom_heading text_color=&#8221;accent&#8221; heading_semantic=&#8221;h6&#8243; text_size=&#8221;fontsize-160000&#8243; text_transform=&#8221;uppercase&#8221; text_space=&#8221;fontspace-135905&#8243; uncode_shortcode_id=&#8221;169063&#8243; text_color_type=&#8221;uncode-palette&#8221;]DEMEURES CATALANES[\/vc_custom_heading][vc_column_text uncode_shortcode_id=&#8221;208361&#8243;]<\/p>\n<p class=\"p1\"><span class=\"Apple-converted-space\">\u00a0<\/span>1. Selon vos envies et votre budget, nous recherchons un emplacement et vous proposons un terrain.<\/p>\n<p class=\"p1\">2. Si besoin, je peux vous apporter la solution de financement le plus appropri\u00e9 pour votre projet.<\/p>\n<p class=\"p1\">3. Manque d\u2019inspiration<span class=\"s1\">\u2009<\/span>? mes dessinateurs dipl\u00f4m\u00e9s vous proposeront les plans de votre maison en parfaite coh\u00e9rence avec vos attentes.<\/p>\n<p class=\"p1\">4. Tranquillit\u00e9 avant tout<span class=\"s1\">\u2009<\/span>! Nous g\u00e9rons les formalit\u00e9s administratives en nous occupant du d\u00e9p\u00f4t de votre permis de construire afin de garantir sa validation.<\/p>\n<p class=\"p3\">5. Pour vous garder toujours au courant, je vous tiendrai r\u00e9guli\u00e8rement inform\u00e9 de l\u2019avanc\u00e9e de votre construction tout en restant \u00e0 votre \u00e9coute jusqu\u2019\u00e0 la livraison de votre maison.<\/p>\n<p class=\"p1\">6. Plus qu\u2019\u00e0 s\u2019installer<span class=\"s1\">\u2009<\/span>! je vous laisse la maison propre et pr\u00eate \u00e0 emm\u00e9nager gr\u00e2ce \u00e0 l\u2019intervention d\u2019une v\u00e9ritable \u00e9quipe de nettoyage.<\/p>\n<p class=\"p1\">7. Le petit plus pour embellir votre terrain, je vous offre un arbre fruitier !!<\/p>\n<p>[\/vc_column_text][\/vc_column_inner][\/vc_row_inner][\/vc_column][\/vc_row]<\/p>\n","protected":false},"excerpt":{"rendered":"<p>Uncode is a pixel perfect Creative Multiuse and WooCommerce WordPress Theme designed with terrific attention to details. With exclusive features, Uncode empowers designers to create stunning contemporary WordPress websites without touch a single line of code.<\/p>\n","protected":false},"author":1,"featured_media":0,"parent":0,"menu_order":0,"comment_status":"closed","ping_status":"closed","template":"","meta":{"om_disable_all_campaigns":false,"_monsterinsights_skip_tracking":false,"_monsterinsights_sitenote_active":false,"_monsterinsights_sitenote_note":"","_monsterinsights_sitenote_category":0},"_links":{"self":[{"href":"https:\/\/demeurescatalanes.fr\/index.php?rest_route=\/wp\/v2\/pages\/4816"}],"collection":[{"href":"https:\/\/demeurescatalanes.fr\/index.php?rest_route=\/wp\/v2\/pages"}],"about":[{"href":"https:\/\/demeurescatalanes.fr\/index.php?rest_route=\/wp\/v2\/types\/page"}],"author":[{"embeddable":true,"href":"https:\/\/demeurescatalanes.fr\/index.php?rest_route=\/wp\/v2\/users\/1"}],"replies":[{"embeddable":true,"href":"https:\/\/demeurescatalanes.fr\/index.php?rest_route=%2Fwp%2Fv2%2Fcomments&post=4816"}],"version-history":[{"count":14,"href":"https:\/\/demeurescatalanes.fr\/index.php?rest_route=\/wp\/v2\/pages\/4816\/revisions"}],"predecessor-version":[{"id":117805,"href":"https:\/\/demeurescatalanes.fr\/index.php?rest_route=\/wp\/v2\/pages\/4816\/revisions\/117805"}],"wp:attachment":[{"href":"https:\/\/demeurescatalanes.fr\/index.php?rest_route=%2Fwp%2Fv2%2Fmedia&parent=4816"}],"curies":[{"name":"wp","href":"https:\/\/api.w.org\/{rel}","templated":true}]}}